{"id":5548,"date":"2026-03-21T11:01:51","date_gmt":"2026-03-21T10:01:51","guid":{"rendered":"https:\/\/zamczyska.com\/?post_type=product&#038;p=5548"},"modified":"2026-03-21T11:02:19","modified_gmt":"2026-03-21T10:02:19","slug":"magnes-reszel-7","status":"publish","type":"product","link":"https:\/\/zamczyska.com\/de\/produkt\/magnes-reszel-7\/","title":{"rendered":"Magnet Reszel 7"},"content":{"rendered":"","protected":false},"excerpt":{"rendered":"<p>Magnet mit Bild <span class=\"hover:entity-accent entity-underline inline cursor-pointer align-baseline\"><span class=\"whitespace-normal\">Schloss Reszel<\/span><\/span> ist ein einzigartiges Souvenir, das die Atmosph\u00e4re der mittelalterlichen Architektur direkt in Ihr Zuhause bringt. Die sorgf\u00e4ltig gestaltete Grafik f\u00e4ngt die unverwechselbare Form der historischen Burg ein und hebt ihren historischen Charme und ihre Details hervor. Der Magnet eignet sich ideal als kleines Reisegeschenk oder als Sammlerst\u00fcck f\u00fcr Liebhaber polnischer Denkm\u00e4ler. Er macht sich gut an einem K\u00fchlschrank oder einer Magnettafel und weckt Erinnerungen an einen Besuch in Reszel.<\/p>","protected":false},"featured_media":5549,"comment_status":"closed","ping_status":"closed","template":"","meta":[],"product_brand":[],"product_cat":[121],"product_tag":[],"class_list":{"0":"post-5548","1":"product","2":"type-product","3":"status-publish","4":"has-post-thumbnail","6":"product_cat-magnesy","8":"first","9":"instock","10":"shipping-taxable","11":"purchasable","12":"product-type-simple"},"jetpack_sharing_enabled":true,"_links":{"self":[{"href":"https:\/\/zamczyska.com\/de\/wp-json\/wp\/v2\/product\/5548","targetHints":{"allow":["GET"]}}],"collection":[{"href":"https:\/\/zamczyska.com\/de\/wp-json\/wp\/v2\/product"}],"about":[{"href":"https:\/\/zamczyska.com\/de\/wp-json\/wp\/v2\/types\/product"}],"replies":[{"embeddable":true,"href":"https:\/\/zamczyska.com\/de\/wp-json\/wp\/v2\/comments?post=5548"}],"version-history":[{"count":1,"href":"https:\/\/zamczyska.com\/de\/wp-json\/wp\/v2\/product\/5548\/revisions"}],"predecessor-version":[{"id":5550,"href":"https:\/\/zamczyska.com\/de\/wp-json\/wp\/v2\/product\/5548\/revisions\/5550"}],"wp:featuredmedia":[{"embeddable":true,"href":"https:\/\/zamczyska.com\/de\/wp-json\/wp\/v2\/media\/5549"}],"wp:attachment":[{"href":"https:\/\/zamczyska.com\/de\/wp-json\/wp\/v2\/media?parent=5548"}],"wp:term":[{"taxonomy":"product_brand","embeddable":true,"href":"https:\/\/zamczyska.com\/de\/wp-json\/wp\/v2\/product_brand?post=5548"},{"taxonomy":"product_cat","embeddable":true,"href":"https:\/\/zamczyska.com\/de\/wp-json\/wp\/v2\/product_cat?post=5548"},{"taxonomy":"product_tag","embeddable":true,"href":"https:\/\/zamczyska.com\/de\/wp-json\/wp\/v2\/product_tag?post=5548"}],"curies":[{"name":"wp","href":"https:\/\/api.w.org\/{rel}","templated":true}]}}