{"id":5506,"date":"2026-03-21T10:36:57","date_gmt":"2026-03-21T09:36:57","guid":{"rendered":"https:\/\/zamczyska.com\/?page_id=5506"},"modified":"2026-03-21T11:12:59","modified_gmt":"2026-03-21T10:12:59","slug":"koszyk","status":"publish","type":"page","link":"https:\/\/zamczyska.com\/de\/koszyk\/","title":{"rendered":"Korb"},"content":{"rendered":"<div data-elementor-type=\"wp-page\" data-elementor-id=\"5506\" class=\"elementor elementor-5506\" data-elementor-post-type=\"page\">\n\t\t\t\t\t\t<section class=\"elementor-section elementor-top-section elementor-element elementor-element-f7d8a31 elementor-section-boxed elementor-section-height-default elementor-section-height-default\" data-id=\"f7d8a31\" data-element_type=\"section\" data-e-type=\"section\">\n\t\t\t\t\t\t<div class=\"elementor-container elementor-column-gap-default\">\n\t\t\t\t\t<div class=\"elementor-column elementor-col-100 elementor-top-column elementor-element elementor-element-06e5067\" data-id=\"06e5067\" data-element_type=\"column\" data-e-type=\"column\">\n\t\t\t<div class=\"elementor-widget-wrap elementor-element-populated\">\n\t\t\t\t\t\t<div class=\"elementor-element elementor-element-86bfa38 elementor-widget elementor-widget-heading\" data-id=\"86bfa38\" data-element_type=\"widget\" data-e-type=\"widget\" data-widget_type=\"heading.default\">\n\t\t\t\t<div class=\"elementor-widget-container\">\n\t\t\t\t\t<h2 class=\"elementor-heading-title elementor-size-default\">Korb<\/h2>\t\t\t\t<\/div>\n\t\t\t\t<\/div>\n\t\t\t\t\t<\/div>\n\t\t<\/div>\n\t\t\t\t\t<\/div>\n\t\t<\/section>\n\t\t\t\t<section class=\"elementor-section elementor-top-section elementor-element elementor-element-e5d7015 elementor-section-boxed elementor-section-height-default elementor-section-height-default\" data-id=\"e5d7015\" data-element_type=\"section\" data-e-type=\"section\">\n\t\t\t\t\t\t<div class=\"elementor-container elementor-column-gap-default\">\n\t\t\t\t\t<div class=\"elementor-column elementor-col-100 elementor-top-column elementor-element elementor-element-eba619e\" data-id=\"eba619e\" data-element_type=\"column\" data-e-type=\"column\">\n\t\t\t<div class=\"elementor-widget-wrap elementor-element-populated\">\n\t\t\t\t\t\t<div class=\"elementor-element elementor-element-f4373b7 e-cart-layout-two-column elementor-widget elementor-widget-woocommerce-cart\" data-id=\"f4373b7\" data-element_type=\"widget\" data-e-type=\"widget\" data-widget_type=\"woocommerce-cart.default\">\n\t\t\t\t<div class=\"elementor-widget-container\">\n\t\t\t\t\t<div class=\"woocommerce\"><div class=\"woocommerce-notices-wrapper\"><\/div><div class=\"wc-empty-cart-message\">\n\t<div class=\"cart-empty woocommerce-info\" role=\"status\">\n\t\tDein Warenkorb ist gegenw\u00e4rtig leer.\t<\/div>\n<\/div>\t<p class=\"return-to-shop\">\n\t\t<a class=\"button wc-backward\" href=\"https:\/\/zamczyska.com\/de\/sklep\/\">\n\t\t\tZur\u00fcck zum Shop\t\t<\/a>\n\t<\/p>\n<\/div>\t\t\t\t<\/div>\n\t\t\t\t<\/div>\n\t\t\t\t\t<\/div>\n\t\t<\/div>\n\t\t\t\t\t<\/div>\n\t\t<\/section>\n\t\t\t\t<\/div>","protected":false},"excerpt":{"rendered":"<p>Koszyk Usu\u0144 Miniatura Produkt Cena Ilo\u015b\u0107 Kwota &times; Magnes Reszel 1 12,00&nbsp;&#122;&#322; ilo\u015b\u0107 Magnes Reszel 1 12,00&nbsp;&#122;&#322; &times; Magnes Reszel 5 12,00&nbsp;&#122;&#322; ilo\u015b\u0107 Magnes Reszel 5 12,00&nbsp;&#122;&#322; Zaktualizuj Koszyk Podusmowanie Kwota 24,00&nbsp;&#122;&#322; Przesy\u0142ka Free shipping Metody wysy\u0142ki zostan\u0105 zaktualizowane podczas sk\u0142adania zam\u00f3wienia. Oblicz koszty wysy\u0142ki Kraj \/ region Wybierz kraj\/region&hellip;AfganistanAlbaniaAlgieriaAndoraAngolaAnguillaAntarktydaAntigua i BarbudaArabia SaudyjskaArgentynaArmeniaArubaAustraliaAustriaAzerbejd\u017canBahamyBahrajnBangladeszBarbadosBelauBelgiaBelizeBeninBermudyBhutanBia\u0142oru\u015bBoliwiaBo\u015bnia i HercegowinaBotswanaBrazyliaBrazzavilleBruneiBrytyjskie [&hellip;]<\/p>","protected":false},"author":1,"featured_media":0,"parent":0,"menu_order":0,"comment_status":"closed","ping_status":"closed","template":"elementor_header_footer","meta":{"footnotes":""},"class_list":["post-5506","page","type-page","status-publish","hentry"],"jetpack_sharing_enabled":true,"_links":{"self":[{"href":"https:\/\/zamczyska.com\/de\/wp-json\/wp\/v2\/pages\/5506","targetHints":{"allow":["GET"]}}],"collection":[{"href":"https:\/\/zamczyska.com\/de\/wp-json\/wp\/v2\/pages"}],"about":[{"href":"https:\/\/zamczyska.com\/de\/wp-json\/wp\/v2\/types\/page"}],"author":[{"embeddable":true,"href":"https:\/\/zamczyska.com\/de\/wp-json\/wp\/v2\/users\/1"}],"replies":[{"embeddable":true,"href":"https:\/\/zamczyska.com\/de\/wp-json\/wp\/v2\/comments?post=5506"}],"version-history":[{"count":19,"href":"https:\/\/zamczyska.com\/de\/wp-json\/wp\/v2\/pages\/5506\/revisions"}],"predecessor-version":[{"id":5581,"href":"https:\/\/zamczyska.com\/de\/wp-json\/wp\/v2\/pages\/5506\/revisions\/5581"}],"wp:attachment":[{"href":"https:\/\/zamczyska.com\/de\/wp-json\/wp\/v2\/media?parent=5506"}],"curies":[{"name":"wp","href":"https:\/\/api.w.org\/{rel}","templated":true}]}}