{"id":2650,"date":"2024-03-08T00:22:05","date_gmt":"2024-03-07T23:22:05","guid":{"rendered":"https:\/\/zamczyska.com\/?page_id=2650"},"modified":"2025-06-07T10:44:17","modified_gmt":"2025-06-07T08:44:17","slug":"uzbrojenie-rycerzy","status":"publish","type":"page","link":"https:\/\/zamczyska.com\/de\/uzbrojenie-rycerzy\/","title":{"rendered":"Bewaffnung der Ritter"},"content":{"rendered":"<div data-elementor-type=\"wp-page\" data-elementor-id=\"2650\" class=\"elementor elementor-2650\" data-elementor-post-type=\"page\">\n\t\t\t\t\t\t<section class=\"elementor-section elementor-top-section elementor-element elementor-element-48de157b elementor-section-boxed elementor-section-height-default elementor-section-height-default\" data-id=\"48de157b\" data-element_type=\"section\" data-e-type=\"section\">\n\t\t\t\t\t\t<div class=\"elementor-container elementor-column-gap-default\">\n\t\t\t\t\t<div class=\"elementor-column elementor-col-100 elementor-top-column elementor-element elementor-element-4108c734\" data-id=\"4108c734\" data-element_type=\"column\" data-e-type=\"column\">\n\t\t\t<div class=\"elementor-widget-wrap elementor-element-populated\">\n\t\t\t\t\t\t<div class=\"elementor-element elementor-element-216e6e6c elementor-widget elementor-widget-heading\" data-id=\"216e6e6c\" data-element_type=\"widget\" data-e-type=\"widget\" data-widget_type=\"heading.default\">\n\t\t\t\t<div class=\"elementor-widget-container\">\n\t\t\t\t\t<h1 class=\"elementor-heading-title elementor-size-large\">Bewaffnung der Ritter<\/h1>\t\t\t\t<\/div>\n\t\t\t\t<\/div>\n\t\t\t\t\t<\/div>\n\t\t<\/div>\n\t\t\t\t\t<\/div>\n\t\t<\/section>\n\t\t\t\t<section class=\"elementor-section elementor-top-section elementor-element elementor-element-aaefedf elementor-section-boxed elementor-section-height-default elementor-section-height-default\" data-id=\"aaefedf\" data-element_type=\"section\" data-e-type=\"section\">\n\t\t\t\t\t\t<div class=\"elementor-container elementor-column-gap-default\">\n\t\t\t\t\t<div class=\"elementor-column elementor-col-25 elementor-top-column elementor-element elementor-element-dc8d2f9\" data-id=\"dc8d2f9\" data-element_type=\"column\" data-e-type=\"column\">\n\t\t\t<div class=\"elementor-widget-wrap elementor-element-populated\">\n\t\t\t\t\t\t<div class=\"elementor-element elementor-element-c082d70 elementor-widget elementor-widget-image\" data-id=\"c082d70\" data-element_type=\"widget\" data-e-type=\"widget\" data-widget_type=\"image.default\">\n\t\t\t\t<div class=\"elementor-widget-container\">\n\t\t\t\t\t\t\t\t\t\t\t\t\t\t\t\t<a href=\"https:\/\/zamczyska.com\/de\/helmy\/\">\n\t\t\t\t\t\t\t<img fetchpriority=\"high\" decoding=\"async\" width=\"490\" height=\"648\" src=\"https:\/\/zamczyska.com\/wp-content\/uploads\/2024\/06\/f3eb-Armet_closed_helmet_16th_century1-0-1-0-1-1-490x648-1.jpg\" class=\"attachment-large size-large wp-image-2693\" alt=\"\" srcset=\"https:\/\/zamczyska.com\/wp-content\/uploads\/2024\/06\/f3eb-Armet_closed_helmet_16th_century1-0-1-0-1-1-490x648-1.jpg 490w, https:\/\/zamczyska.com\/wp-content\/uploads\/2024\/06\/f3eb-Armet_closed_helmet_16th_century1-0-1-0-1-1-490x648-1-227x300.jpg 227w\" sizes=\"(max-width: 490px) 100vw, 490px\" \/>\t\t\t\t\t\t\t\t<\/a>\n\t\t\t\t\t\t\t\t\t\t\t\t\t\t\t<\/div>\n\t\t\t\t<\/div>\n\t\t\t\t<div class=\"elementor-element elementor-element-481dce0 elementor-widget elementor-widget-heading\" data-id=\"481dce0\" data-element_type=\"widget\" data-e-type=\"widget\" data-widget_type=\"heading.default\">\n\t\t\t\t<div class=\"elementor-widget-container\">\n\t\t\t\t\t<h2 class=\"elementor-heading-title elementor-size-default\"><a href=\"https:\/\/zamczyska.com\/de\/helmy\/\">Helme<\/a><\/h2>\t\t\t\t<\/div>\n\t\t\t\t<\/div>\n\t\t\t\t\t<\/div>\n\t\t<\/div>\n\t\t\t\t<div class=\"elementor-column elementor-col-25 elementor-top-column elementor-element elementor-element-499e871\" data-id=\"499e871\" data-element_type=\"column\" data-e-type=\"column\">\n\t\t\t<div class=\"elementor-widget-wrap elementor-element-populated\">\n\t\t\t\t\t\t<div class=\"elementor-element elementor-element-c6cfebc elementor-widget elementor-widget-image\" data-id=\"c6cfebc\" data-element_type=\"widget\" data-e-type=\"widget\" data-widget_type=\"image.default\">\n\t\t\t\t<div class=\"elementor-widget-container\">\n\t\t\t\t\t\t\t\t\t\t\t\t\t\t\t\t<a href=\"https:\/\/zamczyska.com\/de\/rycerze-w-zbrojach\/\">\n\t\t\t\t\t\t\t<img decoding=\"async\" width=\"683\" height=\"1024\" src=\"https:\/\/zamczyska.com\/wp-content\/uploads\/2024\/06\/Rustning_Gustav_Vasa_-_Livrustkammaren_-_32921.tif-683x1024.jpg\" class=\"attachment-large size-large wp-image-2694\" alt=\"\" srcset=\"https:\/\/zamczyska.com\/wp-content\/uploads\/2024\/06\/Rustning_Gustav_Vasa_-_Livrustkammaren_-_32921.tif-683x1024.jpg 683w, https:\/\/zamczyska.com\/wp-content\/uploads\/2024\/06\/Rustning_Gustav_Vasa_-_Livrustkammaren_-_32921.tif-600x900.jpg 600w, https:\/\/zamczyska.com\/wp-content\/uploads\/2024\/06\/Rustning_Gustav_Vasa_-_Livrustkammaren_-_32921.tif-200x300.jpg 200w, https:\/\/zamczyska.com\/wp-content\/uploads\/2024\/06\/Rustning_Gustav_Vasa_-_Livrustkammaren_-_32921.tif-768x1152.jpg 768w, https:\/\/zamczyska.com\/wp-content\/uploads\/2024\/06\/Rustning_Gustav_Vasa_-_Livrustkammaren_-_32921.tif-1024x1536.jpg 1024w, https:\/\/zamczyska.com\/wp-content\/uploads\/2024\/06\/Rustning_Gustav_Vasa_-_Livrustkammaren_-_32921.tif.jpg 1200w\" sizes=\"(max-width: 683px) 100vw, 683px\" \/>\t\t\t\t\t\t\t\t<\/a>\n\t\t\t\t\t\t\t\t\t\t\t\t\t\t\t<\/div>\n\t\t\t\t<\/div>\n\t\t\t\t<div class=\"elementor-element elementor-element-240c3d7 elementor-widget elementor-widget-heading\" data-id=\"240c3d7\" data-element_type=\"widget\" data-e-type=\"widget\" data-widget_type=\"heading.default\">\n\t\t\t\t<div class=\"elementor-widget-container\">\n\t\t\t\t\t<h2 class=\"elementor-heading-title elementor-size-default\"><a href=\"https:\/\/zamczyska.com\/de\/rycerze-w-zbrojach\/\">Volle Bewaffnung<\/a><\/h2>\t\t\t\t<\/div>\n\t\t\t\t<\/div>\n\t\t\t\t\t<\/div>\n\t\t<\/div>\n\t\t\t\t<div class=\"elementor-column elementor-col-25 elementor-top-column elementor-element elementor-element-d6d41b4\" data-id=\"d6d41b4\" data-element_type=\"column\" data-e-type=\"column\">\n\t\t\t<div class=\"elementor-widget-wrap elementor-element-populated\">\n\t\t\t\t\t\t<div class=\"elementor-element elementor-element-ec497e9 elementor-widget elementor-widget-image\" data-id=\"ec497e9\" data-element_type=\"widget\" data-e-type=\"widget\" data-widget_type=\"image.default\">\n\t\t\t\t<div class=\"elementor-widget-container\">\n\t\t\t\t\t\t\t\t\t\t\t\t\t\t\t\t<a href=\"https:\/\/zamczyska.com\/de\/koncepcje-rycerzy\/\">\n\t\t\t\t\t\t\t<img decoding=\"async\" width=\"350\" height=\"622\" src=\"https:\/\/zamczyska.com\/wp-content\/uploads\/2024\/06\/desktop-wallpaper-fantasy-mobile-dump-thumbnail.jpg\" class=\"attachment-large size-large wp-image-2697\" alt=\"\" srcset=\"https:\/\/zamczyska.com\/wp-content\/uploads\/2024\/06\/desktop-wallpaper-fantasy-mobile-dump-thumbnail.jpg 350w, https:\/\/zamczyska.com\/wp-content\/uploads\/2024\/06\/desktop-wallpaper-fantasy-mobile-dump-thumbnail-169x300.jpg 169w\" sizes=\"(max-width: 350px) 100vw, 350px\" \/>\t\t\t\t\t\t\t\t<\/a>\n\t\t\t\t\t\t\t\t\t\t\t\t\t\t\t<\/div>\n\t\t\t\t<\/div>\n\t\t\t\t<div class=\"elementor-element elementor-element-4442a85 elementor-widget elementor-widget-heading\" data-id=\"4442a85\" data-element_type=\"widget\" data-e-type=\"widget\" data-widget_type=\"heading.default\">\n\t\t\t\t<div class=\"elementor-widget-container\">\n\t\t\t\t\t<h2 class=\"elementor-heading-title elementor-size-default\"><a href=\"https:\/\/zamczyska.com\/de\/koncepcje-rycerzy\/\">Konzepte <\/a><\/h2>\t\t\t\t<\/div>\n\t\t\t\t<\/div>\n\t\t\t\t\t<\/div>\n\t\t<\/div>\n\t\t\t\t<div class=\"elementor-column elementor-col-25 elementor-top-column elementor-element elementor-element-6355957\" data-id=\"6355957\" data-element_type=\"column\" data-e-type=\"column\">\n\t\t\t<div class=\"elementor-widget-wrap elementor-element-populated\">\n\t\t\t\t\t\t<div class=\"elementor-element elementor-element-88a76e4 elementor-widget elementor-widget-image\" data-id=\"88a76e4\" data-element_type=\"widget\" data-e-type=\"widget\" data-widget_type=\"image.default\">\n\t\t\t\t<div class=\"elementor-widget-container\">\n\t\t\t\t\t\t\t\t\t\t\t\t\t\t\t<img loading=\"lazy\" decoding=\"async\" width=\"579\" height=\"800\" src=\"https:\/\/zamczyska.com\/wp-content\/uploads\/2024\/06\/8058.jpg\" class=\"attachment-large size-large wp-image-2696\" alt=\"\" srcset=\"https:\/\/zamczyska.com\/wp-content\/uploads\/2024\/06\/8058.jpg 579w, https:\/\/zamczyska.com\/wp-content\/uploads\/2024\/06\/8058-217x300.jpg 217w\" sizes=\"(max-width: 579px) 100vw, 579px\" \/>\t\t\t\t\t\t\t\t\t\t\t\t\t\t\t<\/div>\n\t\t\t\t<\/div>\n\t\t\t\t<div class=\"elementor-element elementor-element-8b8052f elementor-widget elementor-widget-heading\" data-id=\"8b8052f\" data-element_type=\"widget\" data-e-type=\"widget\" data-widget_type=\"heading.default\">\n\t\t\t\t<div class=\"elementor-widget-container\">\n\t\t\t\t\t<h2 class=\"elementor-heading-title elementor-size-default\">Waffen<\/h2>\t\t\t\t<\/div>\n\t\t\t\t<\/div>\n\t\t\t\t\t<\/div>\n\t\t<\/div>\n\t\t\t\t\t<\/div>\n\t\t<\/section>\n\t\t\t\t<\/div>","protected":false},"excerpt":{"rendered":"<p>R\u00fcstungen der Ritter Helme Vollst\u00e4ndige R\u00fcstungen Konzepte Waffen<\/p>","protected":false},"author":1,"featured_media":0,"parent":0,"menu_order":0,"comment_status":"closed","ping_status":"closed","template":"elementor_header_footer","meta":{"footnotes":""},"class_list":["post-2650","page","type-page","status-publish","hentry"],"jetpack_sharing_enabled":true,"_links":{"self":[{"href":"https:\/\/zamczyska.com\/de\/wp-json\/wp\/v2\/pages\/2650","targetHints":{"allow":["GET"]}}],"collection":[{"href":"https:\/\/zamczyska.com\/de\/wp-json\/wp\/v2\/pages"}],"about":[{"href":"https:\/\/zamczyska.com\/de\/wp-json\/wp\/v2\/types\/page"}],"author":[{"embeddable":true,"href":"https:\/\/zamczyska.com\/de\/wp-json\/wp\/v2\/users\/1"}],"replies":[{"embeddable":true,"href":"https:\/\/zamczyska.com\/de\/wp-json\/wp\/v2\/comments?post=2650"}],"version-history":[{"count":38,"href":"https:\/\/zamczyska.com\/de\/wp-json\/wp\/v2\/pages\/2650\/revisions"}],"predecessor-version":[{"id":4350,"href":"https:\/\/zamczyska.com\/de\/wp-json\/wp\/v2\/pages\/2650\/revisions\/4350"}],"wp:attachment":[{"href":"https:\/\/zamczyska.com\/de\/wp-json\/wp\/v2\/media?parent=2650"}],"curies":[{"name":"wp","href":"https:\/\/api.w.org\/{rel}","templated":true}]}}